{"id":6176,"date":"2023-09-01T12:34:31","date_gmt":"2023-09-01T16:34:31","guid":{"rendered":"https:\/\/milestonesrestaurants.com\/?page_id=6176"},"modified":"2023-10-04T12:34:24","modified_gmt":"2023-10-04T16:34:24","slug":"press-release","status":"publish","type":"page","link":"https:\/\/milestonesrestaurants.com\/fr\/press-release\/","title":{"rendered":"Communiqu\u00e9 de presse"},"content":{"rendered":"<div class=\"fusion-fullwidth fullwidth-box fusion-builder-row-1 fusion-flex-container gradient-container-1 nonhundred-percent-fullwidth non-hundred-percent-height-scrolling\" style=\"--awb-border-radius-top-left:0px;--awb-border-radius-top-right:0px;--awb-border-radius-bottom-right:0px;--awb-border-radius-bottom-left:0px;--awb-flex-wrap:wrap;\" ><div class=\"fusion-builder-row fusion-row fusion-flex-align-items-flex-start fusion-flex-content-wrap\" style=\"max-width:1248px;margin-left: calc(-4% \/ 2 );margin-right: calc(-4% \/ 2 );\"><div class=\"fusion-layout-column fusion_builder_column fusion-builder-column-0 fusion_builder_column_1_2 1_2 fusion-flex-column\" style=\"--awb-padding-bottom:50px;--awb-bg-size:cover;--awb-width-large:50%;--awb-margin-top-large:0px;--awb-spacing-right-large:3.84%;--awb-margin-bottom-large:20px;--awb-spacing-left-large:3.84%;--awb-width-medium:50%;--awb-order-medium:0;--awb-spacing-right-medium:3.84%;--awb-spacing-left-medium:3.84%;--awb-width-small:100%;--awb-order-small:0;--awb-spacing-right-small:1.92%;--awb-spacing-left-small:1.92%;\"><div class=\"fusion-column-wrapper fusion-column-has-shadow fusion-flex-justify-content-flex-start fusion-content-layout-column\"><div class=\"fusion-title title fusion-title-1 fusion-sep-none fusion-title-text fusion-title-size-one\" style=\"--awb-text-color:#132836;\"><h1 class=\"fusion-title-heading title-heading-left fusion-responsive-typography-calculated\" style=\"margin:0;--fontSize:40;line-height:1.16;\">Un premier restaurant Milestones au Qu\u00e9bec<\/h1><\/div><div class=\"fusion-text fusion-text-1\" style=\"--awb-content-alignment:left;--awb-text-transform:none;--awb-text-color:#132836;\"><p>La cha\u00eene canadienne de <a style=\"color: #132836;\" href=\"https:\/\/milestonesrestaurants.com\/fr\/\">Restaurants Milestones<\/a> vient d&rsquo;ouvrir son premier \u00e9tablissement au Qu\u00e9bec, \u00e0 Pointe-Claire, dans l&rsquo;ouest de Montr\u00e9al. Install\u00e9 depuis quelques semaines dans le Centre Commercial Fairview Pointe Claire, c&rsquo;est un arr\u00eat de choix avant, apr\u00e8s ou pendant une session de magasinage.<\/p>\n<\/div><div class=\"fusion-text fusion-text-2\" style=\"--awb-content-alignment:left;--awb-text-transform:uppercase;--awb-text-color:#132836;\"><p>3 Octobre, 2023 ; NOTRE MONTR\u00c9ALIT\u00c9<\/p>\n<\/div><div style=\"text-align:center;\"><a class=\"fusion-button button-flat fusion-button-default-size button-default fusion-button-default button-1 fusion-button-default-span fusion-button-default-type\" style=\"width:calc(100%);\" target=\"_blank\" rel=\"noopener noreferrer\" href=\"http:\/\/www.notremontrealite.com\/2023\/10\/un-premier-restaurant-milestones-au.html\"><span class=\"fusion-button-text awb-button__text awb-button__text--default\">En savoir plus&#8230;<\/span><\/a><\/div><div class=\"fusion-separator fusion-full-width-sep\" style=\"align-self: center;margin-left: auto;margin-right: auto;width:100%;\"><div class=\"fusion-separator-border sep-shadow\" style=\"--awb-height:20px;--awb-amount:20px;--awb-sep-color:#132836;background:radial-gradient(ellipse at 50% -50% , #132836 0px, rgba(255, 255, 255, 0) 80%) repeat scroll 0 0 rgba(0, 0, 0, 0);background:-webkit-radial-gradient(ellipse at 50% -50% , #132836 0px, rgba(255, 255, 255, 0) 80%) repeat scroll 0 0 rgba(0, 0, 0, 0);background:-moz-radial-gradient(ellipse at 50% -50% , #132836 0px, rgba(255, 255, 255, 0) 80%) repeat scroll 0 0 rgba(0, 0, 0, 0);background:-o-radial-gradient(ellipse at 50% -50% , #132836 0px, rgba(255, 255, 255, 0) 80%) repeat scroll 0 0 rgba(0, 0, 0, 0);\"><\/div><\/div><\/div><\/div><div class=\"fusion-layout-column fusion_builder_column fusion-builder-column-1 fusion_builder_column_1_2 1_2 fusion-flex-column\" style=\"--awb-padding-bottom:50px;--awb-bg-size:cover;--awb-width-large:50%;--awb-margin-top-large:0px;--awb-spacing-right-large:3.84%;--awb-margin-bottom-large:20px;--awb-spacing-left-large:3.84%;--awb-width-medium:50%;--awb-order-medium:0;--awb-spacing-right-medium:3.84%;--awb-spacing-left-medium:3.84%;--awb-width-small:100%;--awb-order-small:0;--awb-spacing-right-small:1.92%;--awb-spacing-left-small:1.92%;\"><div class=\"fusion-column-wrapper fusion-column-has-shadow fusion-flex-justify-content-flex-start fusion-content-layout-column\"><div class=\"fusion-title title fusion-title-2 fusion-sep-none fusion-title-text fusion-title-size-one\" style=\"--awb-text-color:#132836;\"><h1 class=\"fusion-title-heading title-heading-left fusion-responsive-typography-calculated\" style=\"margin:0;--fontSize:40;line-height:1.16;\">Les derni\u00e8res ouvertures de Montr\u00e9al \u00e0 d\u00e9couvrir &#8211; Septembre 2023<\/h1><\/div><div class=\"fusion-text fusion-text-3\" style=\"--awb-content-alignment:left;--awb-text-transform:none;--awb-text-color:#132836;\"><p>Cha\u00eene canadienne \u00e9tablie depuis 1989, <a style=\"color: #132836;\" href=\"https:\/\/milestonesrestaurants.com\/fr\/\">[Milestones Grill + Bar]<\/a> ont maintenant une succursale au Fairview Pointe-Claire dans leur collection. L&rsquo;ouverture a eu lieu le 6 septembre et Milestones propose un menu diversifi\u00e9 pour satisfaire une vari\u00e9t\u00e9 de go\u00fbts[&#8230;]<\/p>\n<\/div><div class=\"fusion-text fusion-text-4\" style=\"--awb-content-alignment:left;--awb-text-transform:uppercase;--awb-text-color:#132836;\"><p>11 Septembre, 2023 ; Par R\u00e9becca Rousseau &#8211; RestoMontreal<\/p>\n<\/div><div style=\"text-align:center;\"><a class=\"fusion-button button-flat fusion-button-default-size button-default fusion-button-default button-2 fusion-button-default-span fusion-button-default-type\" style=\"width:calc(100%);\" target=\"_blank\" rel=\"noopener noreferrer\" href=\"https:\/\/www.restomontreal.ca\/n\/l\/les-dernieres-ouvertures-de-montreal-a-decouvrir-septembre-2023\/1979\/fr\/\"><span class=\"fusion-button-text awb-button__text awb-button__text--default\">En savoir plus&#8230;<\/span><\/a><\/div><div class=\"fusion-separator fusion-full-width-sep\" style=\"align-self: center;margin-left: auto;margin-right: auto;width:100%;\"><div class=\"fusion-separator-border sep-shadow\" style=\"--awb-height:20px;--awb-amount:20px;--awb-sep-color:#132836;background:radial-gradient(ellipse at 50% -50% , #132836 0px, rgba(255, 255, 255, 0) 80%) repeat scroll 0 0 rgba(0, 0, 0, 0);background:-webkit-radial-gradient(ellipse at 50% -50% , #132836 0px, rgba(255, 255, 255, 0) 80%) repeat scroll 0 0 rgba(0, 0, 0, 0);background:-moz-radial-gradient(ellipse at 50% -50% , #132836 0px, rgba(255, 255, 255, 0) 80%) repeat scroll 0 0 rgba(0, 0, 0, 0);background:-o-radial-gradient(ellipse at 50% -50% , #132836 0px, rgba(255, 255, 255, 0) 80%) repeat scroll 0 0 rgba(0, 0, 0, 0);\"><\/div><\/div><\/div><\/div><\/div><\/div>\n","protected":false},"excerpt":{"rendered":"","protected":false},"author":10,"featured_media":0,"parent":0,"menu_order":0,"comment_status":"closed","ping_status":"closed","template":"","meta":{"_acf_changed":false,"footnotes":""},"class_list":["post-6176","page","type-page","status-publish","hentry"],"acf":[],"_links":{"self":[{"href":"https:\/\/milestonesrestaurants.com\/fr\/wp-json\/wp\/v2\/pages\/6176","targetHints":{"allow":["GET"]}}],"collection":[{"href":"https:\/\/milestonesrestaurants.com\/fr\/wp-json\/wp\/v2\/pages"}],"about":[{"href":"https:\/\/milestonesrestaurants.com\/fr\/wp-json\/wp\/v2\/types\/page"}],"author":[{"embeddable":true,"href":"https:\/\/milestonesrestaurants.com\/fr\/wp-json\/wp\/v2\/users\/10"}],"replies":[{"embeddable":true,"href":"https:\/\/milestonesrestaurants.com\/fr\/wp-json\/wp\/v2\/comments?post=6176"}],"version-history":[{"count":4,"href":"https:\/\/milestonesrestaurants.com\/fr\/wp-json\/wp\/v2\/pages\/6176\/revisions"}],"predecessor-version":[{"id":6335,"href":"https:\/\/milestonesrestaurants.com\/fr\/wp-json\/wp\/v2\/pages\/6176\/revisions\/6335"}],"wp:attachment":[{"href":"https:\/\/milestonesrestaurants.com\/fr\/wp-json\/wp\/v2\/media?parent=6176"}],"curies":[{"name":"wp","href":"https:\/\/api.w.org\/{rel}","templated":true}]}}