{"id":5044,"date":"2022-11-04T10:58:52","date_gmt":"2022-11-04T14:58:52","guid":{"rendered":"https:\/\/milestonesrestaurants.com\/cariere\/expediteur\/"},"modified":"2023-06-06T10:23:36","modified_gmt":"2023-06-06T14:23:36","slug":"expediteur","status":"publish","type":"page","link":"https:\/\/milestonesrestaurants.com\/fr\/carriere\/expediteur\/","title":{"rendered":"Exp\u00e9diteur\/Exp\u00e9ditrice"},"content":{"rendered":"<p><div class=\"fusion-fullwidth fullwidth-box fusion-builder-row-1 fusion-flex-container gradient-container-1 nonhundred-percent-fullwidth non-hundred-percent-height-scrolling\" style=\"--link_hover_color: #e28248;--awb-border-radius-top-left:0px;--awb-border-radius-top-right:0px;--awb-border-radius-bottom-right:0px;--awb-border-radius-bottom-left:0px;--awb-padding-top:100px;--awb-padding-bottom:0px;--awb-padding-top-small:50px;--awb-padding-bottom-small:75px;--awb-flex-wrap:wrap;\" ><div class=\"fusion-builder-row fusion-row fusion-flex-align-items-flex-start fusion-flex-justify-content-center fusion-flex-content-wrap\" style=\"max-width:1248px;margin-left: calc(-4% \/ 2 );margin-right: calc(-4% \/ 2 );\"><div class=\"fusion-layout-column fusion_builder_column fusion-builder-column-0 fusion_builder_column_1_1 1_1 fusion-flex-column fusion-flex-align-self-center\" style=\"--awb-padding-right-medium:25px;--awb-padding-left-medium:25px;--awb-padding-right-small:0px;--awb-padding-left-small:0px;--awb-bg-size:cover;--awb-width-large:100%;--awb-margin-top-large:0px;--awb-spacing-right-large:0%;--awb-margin-bottom-large:0px;--awb-spacing-left-large:1.92%;--awb-width-medium:100%;--awb-order-medium:0;--awb-spacing-right-medium:0%;--awb-margin-bottom-medium:0px;--awb-spacing-left-medium:1.92%;--awb-width-small:100%;--awb-order-small:0;--awb-spacing-right-small:1.92%;--awb-spacing-left-small:1.92%;\"><div class=\"fusion-column-wrapper fusion-column-has-shadow fusion-flex-justify-content-flex-start fusion-content-layout-column\"><div class=\"fusion-title title fusion-title-1 fusion-sep-none fusion-title-center fusion-title-text fusion-title-size-two\" style=\"--awb-text-color:#132836;--awb-margin-bottom:25px;--awb-sep-color:#132836;\"><h2 class=\"fusion-title-heading title-heading-center fusion-responsive-typography-calculated\" style=\"margin:0;text-transform:uppercase;--fontSize:30;line-height:1.3;\"><strong>Exp\u00e9diteur\/Exp\u00e9ditrice<\/strong><\/h2><\/div><div class=\"fusion-text fusion-text-1\" style=\"--awb-content-alignment:center;--awb-text-color:#132836;\"><p>Milestones recherche du personnel de cuisine exp\u00e9riment\u00e9!<br \/>\nNous recherchons des personnes \u00e9nergiques, ayant l&rsquo;esprit d&rsquo;\u00e9quipe et de solides comp\u00e9tences en communication pour rejoindre notre \u00e9quipe culinaire.<\/p>\n<\/div><\/div><\/div><div class=\"fusion-layout-column fusion_builder_column fusion-builder-column-1 fusion_builder_column_1_1 1_1 fusion-flex-column\" style=\"--awb-bg-size:cover;--awb-width-large:100%;--awb-margin-top-large:0px;--awb-spacing-right-large:1.92%;--awb-margin-bottom-large:0px;--awb-spacing-left-large:1.92%;--awb-width-medium:100%;--awb-order-medium:0;--awb-spacing-right-medium:1.92%;--awb-spacing-left-medium:1.92%;--awb-width-small:100%;--awb-order-small:0;--awb-spacing-right-small:1.92%;--awb-margin-bottom-small:0px;--awb-spacing-left-small:1.92%;\"><div class=\"fusion-column-wrapper fusion-column-has-shadow fusion-flex-justify-content-flex-start fusion-content-layout-column\"><div class=\"fusion-separator fusion-full-width-sep\" style=\"align-self: center;margin-left: auto;margin-right: auto;margin-top:60px;width:100%;\"><div class=\"fusion-separator-border sep-single sep-dotted\" style=\"--awb-height:20px;--awb-amount:20px;--awb-sep-color:#132836;border-color:#132836;border-top-width:1px;\"><\/div><\/div><\/div><\/div><div class=\"fusion-layout-column fusion_builder_column fusion-builder-column-2 fusion_builder_column_1_1 1_1 fusion-flex-column fusion-flex-align-self-center\" style=\"--awb-padding-right-medium:0px;--awb-padding-left-medium:0px;--awb-padding-right-small:0px;--awb-padding-left-small:0px;--awb-bg-size:cover;--awb-width-large:100%;--awb-margin-top-large:75px;--awb-spacing-right-large:1.92%;--awb-margin-bottom-large:0px;--awb-spacing-left-large:1.92%;--awb-width-medium:100%;--awb-order-medium:0;--awb-spacing-right-medium:1.92%;--awb-margin-bottom-medium:0px;--awb-spacing-left-medium:1.92%;--awb-width-small:100%;--awb-order-small:0;--awb-spacing-right-small:1.92%;--awb-margin-bottom-small:0px;--awb-spacing-left-small:1.92%;\"><div class=\"fusion-column-wrapper fusion-column-has-shadow fusion-flex-justify-content-flex-start fusion-content-layout-column\"><div class=\"fusion-text fusion-text-2\" style=\"--awb-font-size:1.4rem;--awb-letter-spacing:2px;--awb-text-transform:none;--awb-text-color:#132836;\"><p><strong>Les responsabilit\u00e9s de l&rsquo;exp\u00e9diteur\/exp\u00e9ditrice sont les suivantes<\/strong><\/p>\n<\/div><div class=\"fusion-text fusion-text-3\" style=\"--awb-text-transform:none;--awb-text-color:#132836;\"><ul>\n<li>Veiller \u00e0 ce que la qualit\u00e9 des aliments r\u00e9ponde aux normes les plus strictes et respecte les sp\u00e9cifications de Milestones en mati\u00e8re de qualit\u00e9 des aliments et de pr\u00e9sentation<\/li>\n<li>Travailler en \u00e9quipe avec le personnel d&rsquo;accueil et de service afin d&rsquo;assurer une excellente exp\u00e9rience pour les clients<\/li>\n<li>Respecter les proc\u00e9dures \u00e9tablies en mati\u00e8re de s\u00e9curit\u00e9 alimentaire<\/li>\n<li>Il est fier de notre programme alimentaire &#8211; il d\u00e9montre cette fiert\u00e9 en s&rsquo;appropriant son poste de travail, en pr\u00e9parant uniquement des aliments qui r\u00e9pondent aux normes les plus strictes de Milestones<\/li>\n<li>Joue un r\u00f4le essentiel dans le contr\u00f4le des d\u00e9chets alimentaires, des niveaux d&rsquo;inventaire et du stockage des denr\u00e9es alimentaires<\/li>\n<\/ul>\n<\/div><\/div><\/div><div class=\"fusion-layout-column fusion_builder_column fusion-builder-column-3 fusion_builder_column_1_1 1_1 fusion-flex-column fusion-flex-align-self-center\" style=\"--awb-padding-right-medium:0px;--awb-padding-left-medium:0px;--awb-padding-right-small:0px;--awb-padding-left-small:0px;--awb-bg-size:cover;--awb-width-large:100%;--awb-margin-top-large:50px;--awb-spacing-right-large:1.92%;--awb-margin-bottom-large:25px;--awb-spacing-left-large:1.92%;--awb-width-medium:100%;--awb-order-medium:0;--awb-spacing-right-medium:1.92%;--awb-margin-bottom-medium:0px;--awb-spacing-left-medium:1.92%;--awb-width-small:100%;--awb-order-small:0;--awb-spacing-right-small:1.92%;--awb-margin-bottom-small:0px;--awb-spacing-left-small:1.92%;\"><div class=\"fusion-column-wrapper fusion-column-has-shadow fusion-flex-justify-content-flex-start fusion-content-layout-column\"><div class=\"fusion-text fusion-text-4\" style=\"--awb-font-size:1.4rem;--awb-letter-spacing:2px;--awb-text-transform:none;--awb-text-color:#132836;\"><p><strong>AVANTAGES! Pourquoi devriez-vous travailler pour nous ?<\/strong><\/p>\n<\/div><div class=\"fusion-text fusion-text-5\" style=\"--awb-text-transform:none;--awb-text-color:#132836;\"><ul>\n<li>Environnement ludique et social<\/li>\n<li>Programme de formation et de d\u00e9veloppement de qualit\u00e9 sup\u00e9rieure<\/li>\n<li>Salaires comp\u00e9titifs et horaires flexibles<\/li>\n<li>Possibilit\u00e9s de croissance et d&rsquo;avancement au sein du restaurant<\/li>\n<\/ul>\n<\/div><\/div><\/div><div class=\"fusion-layout-column fusion_builder_column fusion-builder-column-4 fusion_builder_column_1_1 1_1 fusion-flex-column fusion-flex-align-self-center\" style=\"--awb-padding-right-medium:0px;--awb-padding-left-medium:0px;--awb-padding-right-small:0px;--awb-padding-left-small:0px;--awb-bg-size:cover;--awb-width-large:100%;--awb-margin-top-large:50px;--awb-spacing-right-large:1.92%;--awb-margin-bottom-large:25px;--awb-spacing-left-large:1.92%;--awb-width-medium:100%;--awb-order-medium:0;--awb-spacing-right-medium:1.92%;--awb-margin-bottom-medium:50px;--awb-spacing-left-medium:1.92%;--awb-width-small:100%;--awb-order-small:0;--awb-spacing-right-small:1.92%;--awb-margin-bottom-small:0px;--awb-spacing-left-small:1.92%;\"><div class=\"fusion-column-wrapper fusion-column-has-shadow fusion-flex-justify-content-flex-start fusion-content-layout-column\"><div class=\"fusion-text fusion-text-6\" style=\"--awb-text-transform:none;--awb-text-color:#132836;\"><p>Le candidat retenu fait preuve de solides comp\u00e9tences en mati\u00e8re de communication et est capable de travailler dans des situations de stress \u00e9lev\u00e9 tout en apportant son soutien au personnel de service et d&rsquo;accueil. Nos exp\u00e9diteurs\/exp\u00e9ditrices sont fiers d&rsquo;\u00eatre \u00e0 l&rsquo;origine du programme culinaire de leur restaurant. Si cela vous ressemble, postulez d\u00e8s aujourd&rsquo;hui!<\/p>\n<p>Nous remercions tous les candidats de l&rsquo;int\u00e9r\u00eat qu&rsquo;ils portent \u00e0 Milestones, mais seuls les candidats retenus seront contact\u00e9s pour un entretien. Dans le cadre de notre engagement en faveur de l&rsquo;accessibilit\u00e9, il existe d&rsquo;autres moyens de passer un entretien avec nous. Veuillez nous informer si vous avez besoin d&rsquo;un h\u00e9bergement pour l&rsquo;entretien.<\/p>\n<\/div><\/div><\/div><div class=\"fusion-layout-column fusion_builder_column fusion-builder-column-5 fusion_builder_column_1_1 1_1 fusion-flex-column\" style=\"--awb-bg-size:cover;--awb-width-large:100%;--awb-margin-top-large:0px;--awb-spacing-right-large:1.92%;--awb-margin-bottom-large:0px;--awb-spacing-left-large:1.92%;--awb-width-medium:100%;--awb-order-medium:0;--awb-spacing-right-medium:1.92%;--awb-spacing-left-medium:1.92%;--awb-width-small:100%;--awb-order-small:0;--awb-spacing-right-small:1.92%;--awb-margin-bottom-small:0px;--awb-spacing-left-small:1.92%;\"><div class=\"fusion-column-wrapper fusion-column-has-shadow fusion-flex-justify-content-flex-start fusion-content-layout-column\"><div class=\"fusion-separator fusion-full-width-sep\" style=\"align-self: center;margin-left: auto;margin-right: auto;margin-top:60px;width:100%;\"><div class=\"fusion-separator-border sep-single sep-dotted\" style=\"--awb-height:20px;--awb-amount:20px;--awb-sep-color:#132836;border-color:#132836;border-top-width:1px;\"><\/div><\/div><\/div><\/div><\/div><\/div><div class=\"fusion-fullwidth fullwidth-box fusion-builder-row-2 fusion-flex-container gradient-container-2 nonhundred-percent-fullwidth non-hundred-percent-height-scrolling\" style=\"--link_hover_color: #e28248;--awb-border-radius-top-left:0px;--awb-border-radius-top-right:0px;--awb-border-radius-bottom-right:0px;--awb-border-radius-bottom-left:0px;--awb-padding-top:100px;--awb-padding-bottom:100px;--awb-padding-top-small:0px;--awb-padding-bottom-small:75px;--awb-flex-wrap:wrap;\" ><div class=\"fusion-builder-row fusion-row fusion-flex-align-items-flex-start fusion-flex-justify-content-center fusion-flex-content-wrap\" style=\"max-width:1248px;margin-left: calc(-4% \/ 2 );margin-right: calc(-4% \/ 2 );\"><div class=\"fusion-layout-column fusion_builder_column fusion-builder-column-6 fusion_builder_column_1_1 1_1 fusion-flex-column fusion-flex-align-self-center apply-form\" style=\"--awb-padding-right-medium:25px;--awb-padding-left-medium:25px;--awb-padding-right-small:0px;--awb-padding-left-small:0px;--awb-bg-size:cover;--awb-width-large:100%;--awb-margin-top-large:0px;--awb-spacing-right-large:0%;--awb-margin-bottom-large:0px;--awb-spacing-left-large:1.92%;--awb-width-medium:100%;--awb-order-medium:0;--awb-spacing-right-medium:0%;--awb-margin-bottom-medium:0px;--awb-spacing-left-medium:1.92%;--awb-width-small:100%;--awb-order-small:0;--awb-spacing-right-small:1.92%;--awb-spacing-left-small:1.92%;\"><div class=\"fusion-column-wrapper fusion-column-has-shadow fusion-flex-justify-content-flex-start fusion-content-layout-column\"><div class=\"fusion-title title fusion-title-2 fusion-sep-none fusion-title-text fusion-title-size-two\" style=\"--awb-text-color:#132836;--awb-margin-bottom:50px;--awb-margin-bottom-small:50px;--awb-sep-color:#132836;\"><h2 class=\"fusion-title-heading title-heading-left fusion-responsive-typography-calculated\" style=\"margin:0;text-transform:uppercase;--fontSize:30;line-height:1.3;\"><strong>Appliquer maintenant!<\/strong><\/h2><\/div>\n<div class=\"wpcf7 no-js\" id=\"wpcf7-f5239-o1\" lang=\"fr-FR\" dir=\"ltr\" data-wpcf7-id=\"5239\">\n<div class=\"screen-reader-response\"><p role=\"status\" aria-live=\"polite\" aria-atomic=\"true\"><\/p> <ul><\/ul><\/div>\n<form action=\"\/fr\/wp-json\/wp\/v2\/pages\/5044#wpcf7-f5239-o1\" method=\"post\" class=\"wpcf7-form init\" aria-label=\"Formulaire de contact\" enctype=\"multipart\/form-data\" novalidate=\"novalidate\" data-status=\"init\">\n<fieldset class=\"hidden-fields-container\"><input type=\"hidden\" name=\"_wpcf7\" value=\"5239\" \/><input type=\"hidden\" name=\"_wpcf7_version\" value=\"6.1.5\" \/><input type=\"hidden\" name=\"_wpcf7_locale\" value=\"fr_FR\" \/><input type=\"hidden\" name=\"_wpcf7_unit_tag\" value=\"wpcf7-f5239-o1\" \/><input type=\"hidden\" name=\"_wpcf7_container_post\" value=\"0\" \/><input type=\"hidden\" name=\"_wpcf7_posted_data_hash\" value=\"\" \/><input type=\"hidden\" name=\"_wpcf7cf_hidden_group_fields\" value=\"[]\" \/><input type=\"hidden\" name=\"_wpcf7cf_hidden_groups\" value=\"[]\" \/><input type=\"hidden\" name=\"_wpcf7cf_visible_groups\" value=\"[]\" \/><input type=\"hidden\" name=\"_wpcf7cf_repeaters\" value=\"[]\" \/><input type=\"hidden\" name=\"_wpcf7cf_steps\" value=\"{}\" \/><input type=\"hidden\" name=\"_wpcf7cf_options\" value=\"{&quot;form_id&quot;:5239,&quot;conditions&quot;:[],&quot;settings&quot;:{&quot;animation&quot;:&quot;yes&quot;,&quot;animation_intime&quot;:200,&quot;animation_outtime&quot;:200,&quot;conditions_ui&quot;:&quot;normal&quot;,&quot;notice_dismissed&quot;:false,&quot;notice_dismissed_update-cf7-6.0.3&quot;:true}}\" \/><input type=\"hidden\" name=\"_wpcf7_recaptcha_response\" value=\"\" \/>\n<\/fieldset>\n<p><label>S\u00e9lectionnez votre restaurant<\/label><br \/>\n<span class=\"wpcf7-form-control-wrap\" data-name=\"location\"><select class=\"wpcf7-form-control wpcf7-select wpcf7-validates-as-required\" aria-required=\"true\" aria-invalid=\"false\" name=\"location\"><option value=\"QU\u00c9BEC: Laval\">QU\u00c9BEC: Laval<\/option><option value=\"QU\u00c9BEC: Montr\u00e9al - Royalmount\">QU\u00c9BEC: Montr\u00e9al - Royalmount<\/option><option value=\"QU\u00c9BEC: Pointe-Claire - Fairview Pointe-Claire\">QU\u00c9BEC: Pointe-Claire - Fairview Pointe-Claire<\/option><option value=\"ALBERTA: Calgary - Market Mall\">ALBERTA: Calgary - Market Mall<\/option><option value=\"ALBERTA: Calgary - Royal Oak\">ALBERTA: Calgary - Royal Oak<\/option><option value=\"ALBERTA: Calgary - Southcentre\">ALBERTA: Calgary - Southcentre<\/option><option value=\"ALBERTA: Calgary - Stephen Avenue\">ALBERTA: Calgary - Stephen Avenue<\/option><option value=\"ALBERTA: Rocky View - CrossIron Mills\">ALBERTA: Rocky View - CrossIron Mills<\/option><option value=\"COLOMBIE-BRITANNIQUE: Abbotsford\">COLOMBIE-BRITANNIQUE: Abbotsford<\/option><option value=\"COLOMBIE-BRITANNIQUE: Coquitlam Test Kitchen\">COLOMBIE-BRITANNIQUE: Coquitlam Test Kitchen<\/option><option value=\"COLOMBIE-BRITANNIQUE: Kelowna\">COLOMBIE-BRITANNIQUE: Kelowna<\/option><option value=\"COLOMBIE-BRITANNIQUE: Langford - Millstream\">COLOMBIE-BRITANNIQUE: Langford - Millstream<\/option><option value=\"COLOMBIE-BRITANNIQUE: Langley\">COLOMBIE-BRITANNIQUE: Langley<\/option><option value=\"COLOMBIE-BRITANNIQUE: Surrey - Guildford Town Centre\">COLOMBIE-BRITANNIQUE: Surrey - Guildford Town Centre<\/option><option value=\"COLOMBIE-BRITANNIQUE: Surrey - Southpoint\">COLOMBIE-BRITANNIQUE: Surrey - Southpoint<\/option><option value=\"COLOMBIE-BRITANNIQUE: Tsawwassen\">COLOMBIE-BRITANNIQUE: Tsawwassen<\/option><option value=\"COLOMBIE-BRITANNIQUE: Victoria\">COLOMBIE-BRITANNIQUE: Victoria<\/option><option value=\"COLOMBIE-BRITANNIQUE: West Vancouver - Park Royal\">COLOMBIE-BRITANNIQUE: West Vancouver - Park Royal<\/option><option value=\"COLOMBIE-BRITANNIQUE: Whistler\">COLOMBIE-BRITANNIQUE: Whistler<\/option><option value=\"NOUVEAU-BRUNSWICK: Moncton\">NOUVEAU-BRUNSWICK: Moncton<\/option><option value=\"NOUVELLE-\u00c9COSSE: Halifax - Dartmouth\">NOUVELLE-\u00c9COSSE: Halifax - Dartmouth<\/option><option value=\"ONTARIO: Ancaster - Hamilton - Meadowlands\">ONTARIO: Ancaster - Hamilton - Meadowlands<\/option><option value=\"ONTARIO: Barrie\">ONTARIO: Barrie<\/option><option value=\"ONTARIO: Burlington\">ONTARIO: Burlington<\/option><option value=\"ONTARIO: Etobicoke - Dixon Road\">ONTARIO: Etobicoke - Dixon Road<\/option><option value=\"ONTARIO: Guelph\">ONTARIO: Guelph<\/option><option value=\"ONTARIO: Hamilton - Red Hill\">ONTARIO: Hamilton - Red Hill<\/option><option value=\"ONTARIO: Kanata Centrum\">ONTARIO: Kanata Centrum<\/option><option value=\"ONTARIO: Kingston\">ONTARIO: Kingston<\/option><option value=\"ONTARIO: London - Masonville Place\">ONTARIO: London - Masonville Place<\/option><option value=\"ONTARIO: London - South London\">ONTARIO: London - South London<\/option><option value=\"ONTARIO: Markham\">ONTARIO: Markham<\/option><option value=\"ONTARIO: Mississauga - Heartland\">ONTARIO: Mississauga - Heartland<\/option><option value=\"ONTARIO: Mississauga - Mississauga West\">ONTARIO: Mississauga - Mississauga West<\/option><option value=\"ONTARIO: Newmarket\">ONTARIO: Newmarket<\/option><option value=\"ONTARIO: Niagara Falls\">ONTARIO: Niagara Falls<\/option><option value=\"ONTARIO: Oakville - Burloak\">ONTARIO: Oakville - Burloak<\/option><option value=\"ONTARIO: Ottawa - Lansdowne Park\">ONTARIO: Ottawa - Lansdowne Park<\/option><option value=\"ONTARIO: Ottawa - Pinecrest\">ONTARIO: Ottawa - Pinecrest<\/option><option value=\"ONTARIO: Ottawa - Sussex\">ONTARIO: Ottawa - Sussex<\/option><option value=\"ONTARIO: Richmond Hill\">ONTARIO: Richmond Hill<\/option><option value=\"ONTARIO: Scarborough Town Centre\">ONTARIO: Scarborough Town Centre<\/option><option value=\"ONTARIO: Sudbury\">ONTARIO: Sudbury<\/option><option value=\"ONTARIO: Toronto - Eaton Center\">ONTARIO: Toronto - Eaton Center<\/option><option value=\"ONTARIO: Waterloo\">ONTARIO: Waterloo<\/option><option value=\"ONTARIO: Whitby\">ONTARIO: Whitby<\/option><\/select><\/span>\n<\/p>\n<p><label>Pour quel poste postulez-vous?<\/label><br \/>\n<span class=\"wpcf7-form-control-wrap\" data-name=\"job-role\"><input size=\"40\" maxlength=\"400\" class=\"wpcf7-form-control wpcf7-text wpcf7-validates-as-required\" aria-required=\"true\" aria-invalid=\"false\" value=\"\" type=\"text\" name=\"job-role\" \/><\/span>\n<\/p>\n<p><label>Pr\u00e9nom et nom<\/label><br \/>\n<span class=\"wpcf7-form-control-wrap\" data-name=\"fl-name\"><input size=\"40\" maxlength=\"400\" class=\"wpcf7-form-control wpcf7-text wpcf7-validates-as-required\" aria-required=\"true\" aria-invalid=\"false\" value=\"\" type=\"text\" name=\"fl-name\" \/><\/span>\n<\/p>\n<p><label>Courriel<\/label><br \/>\n<span class=\"wpcf7-form-control-wrap\" data-name=\"email\"><input size=\"40\" maxlength=\"400\" class=\"wpcf7-form-control wpcf7-email wpcf7-validates-as-required wpcf7-text wpcf7-validates-as-email\" aria-required=\"true\" aria-invalid=\"false\" value=\"\" type=\"email\" name=\"email\" \/><\/span>\n<\/p>\n<p><label>No. de t\u00e9l\u00e9phone<\/label><br \/>\n<span class=\"wpcf7-form-control-wrap\" data-name=\"phone\"><input size=\"40\" maxlength=\"400\" class=\"wpcf7-form-control wpcf7-tel wpcf7-validates-as-required wpcf7-text wpcf7-validates-as-tel\" aria-required=\"true\" aria-invalid=\"false\" value=\"\" type=\"tel\" name=\"phone\" \/><\/span>\n<\/p>\n<p><label>Quelles sont vos disponiblit\u00e9s?<\/label><br \/>\n<span class=\"wpcf7-form-control-wrap\" data-name=\"availability\"><input size=\"40\" maxlength=\"400\" class=\"wpcf7-form-control wpcf7-text wpcf7-validates-as-required\" aria-required=\"true\" aria-invalid=\"false\" value=\"\" type=\"text\" name=\"availability\" \/><\/span>\n<\/p>\n<p><label>\u00cates-vous l\u00e9galement autoris\u00e9 \u00e0 travailler au Canada?<\/label><br \/>\n<span class=\"wpcf7-form-control-wrap\" data-name=\"work-canada\"><select class=\"wpcf7-form-control wpcf7-select wpcf7-validates-as-required\" aria-required=\"true\" aria-invalid=\"false\" name=\"work-canada\"><option value=\"oui\">oui<\/option><option value=\"non\">non<\/option><\/select><\/span>\n<\/p>\n<p><label>Soumettre votre CV *Format PDF uniquement<\/label><span class=\"wpcf7-form-control-wrap\" data-name=\"resume\"><input size=\"40\" class=\"wpcf7-form-control wpcf7-file wpcf7-validates-as-required\" accept=\".pdf\" aria-required=\"true\" aria-invalid=\"false\" type=\"file\" name=\"resume\" \/><\/span>\n<\/p>\n<p><input class=\"wpcf7-form-control wpcf7-submit has-spinner\" type=\"submit\" value=\"SOUMETTRE\" \/>\n<\/p><div class=\"fusion-alert alert custom alert-custom fusion-alert-center wpcf7-response-output awb-alert-native-link-color alert-dismissable awb-alert-close-boxed\" style=\"--awb-border-size:1px;--awb-border-top-left-radius:0px;--awb-border-top-right-radius:0px;--awb-border-bottom-left-radius:0px;--awb-border-bottom-right-radius:0px;\" role=\"alert\"><div class=\"fusion-alert-content-wrapper\"><span class=\"fusion-alert-content\"><\/span><\/div><button type=\"button\" class=\"close toggle-alert\" data-dismiss=\"alert\" aria-label=\"Close\">&times;<\/button><\/div>\n<\/form>\n<\/div>\n<\/div><\/div><\/div><\/div>\n<div class=\"fusion-fullwidth fullwidth-box fusion-builder-row-3 fusion-flex-container gradient-container-3 hundred-percent-fullwidth non-hundred-percent-height-scrolling\" style=\"--awb-border-radius-top-left:0px;--awb-border-radius-top-right:0px;--awb-border-radius-bottom-right:0px;--awb-border-radius-bottom-left:0px;--awb-padding-top:0px;--awb-padding-right:0px;--awb-padding-bottom:0px;--awb-padding-left:0px;--awb-padding-top-small:0px;--awb-padding-right-small:0px;--awb-padding-bottom-small:0px;--awb-padding-left-small:0px;--awb-background-color:#132836;--awb-flex-wrap:wrap;\" ><div class=\"fusion-builder-row fusion-row fusion-flex-align-items-center fusion-flex-content-wrap\" style=\"width:104% !important;max-width:104% !important;margin-left: calc(-4% \/ 2 );margin-right: calc(-4% \/ 2 );\"><div class=\"fusion-layout-column fusion_builder_column fusion-builder-column-7 fusion_builder_column_1_2 1_2 fusion-flex-column fusion-flex-align-self-stretch fusion-column-inner-bg-wrapper\" style=\"--awb-inner-bg-color:#000000;--awb-inner-bg-color-hover:#000000;--awb-inner-bg-image:url(&#039;https:\/\/milestonesrestaurants.com\/wp-content\/uploads\/2022\/10\/work-with-us-1.jpg&#039;);--awb-inner-bg-position:center center;--awb-inner-bg-size:cover;--awb-width-large:50%;--awb-margin-top-large:0px;--awb-spacing-right-large:0%;--awb-margin-bottom-large:0px;--awb-spacing-left-large:3.84%;--awb-width-medium:40%;--awb-order-medium:0;--awb-spacing-right-medium:0%;--awb-spacing-left-medium:4.8%;--awb-width-small:100%;--awb-order-small:1;--awb-spacing-right-small:1.92%;--awb-spacing-left-small:1.92%;\"><span class=\"fusion-column-inner-bg hover-type-zoomin\"><span class=\"fusion-column-anchor\"><span class=\"fusion-column-inner-bg-image\"><\/span><\/span><\/span><div class=\"fusion-column-wrapper fusion-column-has-shadow fusion-flex-justify-content-center fusion-content-layout-column fusion-empty-column-bg-image fusion-column-has-bg-image\" data-bg-url=\"https:\/\/milestonesrestaurants.com\/wp-content\/uploads\/2022\/10\/work-with-us-1.jpg\"><img decoding=\"async\" class=\"fusion-empty-dims-img-placeholder\" aria-label=\"Why work with us\" src=\"data:image\/svg+xml,%3Csvg%20xmlns%3D%27http%3A%2F%2Fwww.w3.org%2F2000%2Fsvg%27%20width%3D%271600%27%20height%3D%271067%27%20viewBox%3D%270%200%201600%201067%27%3E%3Crect%20width%3D%271600%27%20height%3D%271067%27%20fill-opacity%3D%220%22%2F%3E%3C%2Fsvg%3E\"><\/div><\/div><div class=\"fusion-layout-column fusion_builder_column fusion-builder-column-8 fusion_builder_column_1_2 1_2 fusion-flex-column fusion-flex-align-self-stretch\" style=\"--awb-padding-top:125px;--awb-padding-right:50PX;--awb-padding-bottom:125px;--awb-padding-left:50PX;--awb-padding-top-small:75px;--awb-padding-bottom-small:75px;--awb-bg-color:#143958;--awb-bg-color-hover:#143958;--awb-bg-size:cover;--awb-width-large:50%;--awb-margin-top-large:0px;--awb-spacing-right-large:3.84%;--awb-margin-bottom-large:0px;--awb-spacing-left-large:0%;--awb-width-medium:60%;--awb-order-medium:0;--awb-spacing-right-medium:3.2%;--awb-spacing-left-medium:0%;--awb-width-small:100%;--awb-order-small:0;--awb-spacing-right-small:1.92%;--awb-spacing-left-small:1.92%;\"><div class=\"fusion-column-wrapper fusion-column-has-shadow fusion-flex-justify-content-center fusion-content-layout-column\"><div class=\"fusion-title title fusion-title-3 fusion-sep-none fusion-title-center fusion-title-text fusion-title-size-two h2-style\" style=\"--awb-text-color:#ffffff;--awb-margin-top:0px;--awb-margin-bottom:0px;--awb-font-size:3.75rem;\"><h2 class=\"fusion-title-heading title-heading-center fusion-responsive-typography-calculated\" style=\"margin:0;font-size:1em;letter-spacing:6px;--fontSize:63.75;line-height:1.2;\">POURQUOI NOUS CHOISIR?<\/h2><\/div><div class=\"fusion-separator\" style=\"align-self: center;margin-left: auto;margin-right: auto;margin-top:30px;margin-bottom:30px;width:100%;max-width:100px;\"><div class=\"fusion-separator-border sep-single\" style=\"--awb-height:20px;--awb-amount:20px;--awb-sep-color:#e28248;border-color:#e28248;border-top-width:4px;\"><\/div><\/div><div class=\"fusion-text fusion-text-7 fusion-text-no-margin\" style=\"--awb-content-alignment:center;--awb-font-size:24px;--awb-text-transform:none;--awb-text-color:#ffffff;--awb-text-font-family:&quot;Barlow&quot;;--awb-text-font-style:normal;--awb-text-font-weight:400;\"><p>Venez rejoindre une \u00e9quipe de personnes amusantes et passionn\u00e9es qui ont \u00e0 c\u0153ur d\u2019offrir \u00e0 leurs employ\u00e9s et \u00e0 leurs clients la meilleure exp\u00e9rience qui soit.<\/p>\n<\/div><\/div><\/div><\/div><\/div>\n<\/p>\n","protected":false},"excerpt":{"rendered":"","protected":false},"author":4,"featured_media":0,"parent":4998,"menu_order":0,"comment_status":"closed","ping_status":"closed","template":"100-width.php","meta":{"_acf_changed":false,"footnotes":""},"class_list":["post-5044","page","type-page","status-publish","hentry"],"acf":[],"_links":{"self":[{"href":"https:\/\/milestonesrestaurants.com\/fr\/wp-json\/wp\/v2\/pages\/5044","targetHints":{"allow":["GET"]}}],"collection":[{"href":"https:\/\/milestonesrestaurants.com\/fr\/wp-json\/wp\/v2\/pages"}],"about":[{"href":"https:\/\/milestonesrestaurants.com\/fr\/wp-json\/wp\/v2\/types\/page"}],"author":[{"embeddable":true,"href":"https:\/\/milestonesrestaurants.com\/fr\/wp-json\/wp\/v2\/users\/4"}],"replies":[{"embeddable":true,"href":"https:\/\/milestonesrestaurants.com\/fr\/wp-json\/wp\/v2\/comments?post=5044"}],"version-history":[{"count":5,"href":"https:\/\/milestonesrestaurants.com\/fr\/wp-json\/wp\/v2\/pages\/5044\/revisions"}],"predecessor-version":[{"id":5291,"href":"https:\/\/milestonesrestaurants.com\/fr\/wp-json\/wp\/v2\/pages\/5044\/revisions\/5291"}],"up":[{"embeddable":true,"href":"https:\/\/milestonesrestaurants.com\/fr\/wp-json\/wp\/v2\/pages\/4998"}],"wp:attachment":[{"href":"https:\/\/milestonesrestaurants.com\/fr\/wp-json\/wp\/v2\/media?parent=5044"}],"curies":[{"name":"wp","href":"https:\/\/api.w.org\/{rel}","templated":true}]}}