{"id":4995,"date":"2021-12-10T12:00:32","date_gmt":"2021-12-10T16:00:32","guid":{"rendered":"https:\/\/milestonesrestaurants.com\/evenements-dentreprise-et-sociaux\/"},"modified":"2023-06-05T13:34:13","modified_gmt":"2023-06-05T17:34:13","slug":"evenements-dentreprise-et-sociaux","status":"publish","type":"page","link":"https:\/\/milestonesrestaurants.com\/fr\/evenements-dentreprise-et-sociaux\/","title":{"rendered":"\u00c9v\u00e9nements corporatifs et sociaux"},"content":{"rendered":"<div class=\"fusion-fullwidth fullwidth-box fusion-builder-row-1 fusion-flex-container gradient-container-1 nonhundred-percent-fullwidth non-hundred-percent-height-scrolling\" style=\"--awb-border-radius-top-left:0px;--awb-border-radius-top-right:0px;--awb-border-radius-bottom-right:0px;--awb-border-radius-bottom-left:0px;--awb-padding-top:100px;--awb-padding-bottom:100PX;--awb-padding-top-small:50PX;--awb-padding-bottom-small:50PX;--awb-background-color:#132836;--awb-flex-wrap:wrap;\" ><div class=\"fusion-builder-row fusion-row fusion-flex-align-items-flex-start fusion-flex-justify-content-center fusion-flex-content-wrap\" style=\"max-width:1248px;margin-left: calc(-4% \/ 2 );margin-right: calc(-4% \/ 2 );\"><div class=\"fusion-layout-column fusion_builder_column fusion-builder-column-0 fusion_builder_column_1_1 1_1 fusion-flex-column fusion-flex-align-self-center\" style=\"--awb-padding-right-medium:25px;--awb-padding-left-medium:25px;--awb-padding-right-small:0px;--awb-padding-left-small:0px;--awb-bg-size:cover;--awb-width-large:100%;--awb-margin-top-large:0px;--awb-spacing-right-large:1.92%;--awb-margin-bottom-large:0px;--awb-spacing-left-large:1.92%;--awb-width-medium:100%;--awb-order-medium:0;--awb-spacing-right-medium:1.92%;--awb-margin-bottom-medium:50px;--awb-spacing-left-medium:1.92%;--awb-width-small:100%;--awb-order-small:0;--awb-spacing-right-small:1.92%;--awb-spacing-left-small:1.92%;\"><div class=\"fusion-column-wrapper fusion-column-has-shadow fusion-flex-justify-content-flex-start fusion-content-layout-column\"><div class=\"fusion-title title fusion-title-1 fusion-sep-none fusion-title-center fusion-title-text fusion-title-size-three\" style=\"--awb-text-color:#ffffff;--awb-margin-bottom:25PX;--awb-margin-bottom-small:25px;\"><h3 class=\"fusion-title-heading title-heading-center fusion-responsive-typography-calculated\" style=\"margin:0;--fontSize:30;line-height:1.3;\"><h2>SE RENSEIGNER SUR L&rsquo;UN DE NOS SITES UNIQUES<\/h2><\/h3><\/div><div class=\"fusion-text fusion-text-1\" style=\"--awb-content-alignment:center;--awb-text-transform:none;\"><p>Laissez-vous s\u00e9duire par quelque chose de sp\u00e9cial lors de votre prochain \u00e9v\u00e9nement. Nous aimerions vous inviter, vous et vos invit\u00e9s, qu&rsquo;ils soient personnels ou professionnels, dans notre salle \u00e0 manger ou notre bar pour passer une excellente soir\u00e9e ensemble. Nous proposons des menus de groupe avec des options de prix fixes et nous organiserons votre \u00e9v\u00e9nement en fonction de vos besoins. Votre \u00e9v\u00e9nement marquant sera toujours accompagn\u00e9 d&rsquo;un service exceptionnel, d&rsquo;une cuisine d\u00e9licieuse et d&rsquo;excellents souvenirs. Remplissez le formulaire ci-dessous et nous commencerons \u00e0 pr\u00e9parer l&rsquo;\u00e9v\u00e9nement parfait.<\/p>\n<\/div><div class=\"fusion-separator fusion-full-width-sep\" style=\"align-self: center;margin-left: auto;margin-right: auto;margin-top:25px;margin-bottom:50px;width:100%;\"><div class=\"fusion-separator-border sep-single sep-dashed\" style=\"--awb-height:20px;--awb-amount:20px;border-color:#e2e2e2;border-top-width:1px;\"><\/div><\/div><\/div><\/div><div class=\"fusion-layout-column fusion_builder_column fusion-builder-column-1 fusion_builder_column_1_1 1_1 fusion-flex-column\" style=\"--awb-bg-size:cover;--awb-width-large:100%;--awb-margin-top-large:0px;--awb-spacing-right-large:1.92%;--awb-margin-bottom-large:20px;--awb-spacing-left-large:1.92%;--awb-width-medium:100%;--awb-order-medium:0;--awb-spacing-right-medium:1.92%;--awb-spacing-left-medium:1.92%;--awb-width-small:100%;--awb-order-small:0;--awb-spacing-right-small:1.92%;--awb-margin-bottom-small:0px;--awb-spacing-left-small:1.92%;\"><div class=\"fusion-column-wrapper fusion-column-has-shadow fusion-flex-justify-content-flex-start fusion-content-layout-column\">\n<div class=\"wpcf7 no-js\" id=\"wpcf7-f5240-o1\" lang=\"fr-FR\" dir=\"ltr\" data-wpcf7-id=\"5240\">\n<div class=\"screen-reader-response\"><p role=\"status\" aria-live=\"polite\" aria-atomic=\"true\"><\/p> <ul><\/ul><\/div>\n<form action=\"\/fr\/wp-json\/wp\/v2\/pages\/4995#wpcf7-f5240-o1\" method=\"post\" class=\"wpcf7-form init\" aria-label=\"Formulaire de contact\" novalidate=\"novalidate\" data-status=\"init\">\n<fieldset class=\"hidden-fields-container\"><input type=\"hidden\" name=\"_wpcf7\" value=\"5240\" \/><input type=\"hidden\" name=\"_wpcf7_version\" value=\"6.1.5\" \/><input type=\"hidden\" name=\"_wpcf7_locale\" value=\"fr_FR\" \/><input type=\"hidden\" name=\"_wpcf7_unit_tag\" value=\"wpcf7-f5240-o1\" \/><input type=\"hidden\" name=\"_wpcf7_container_post\" value=\"0\" \/><input type=\"hidden\" name=\"_wpcf7_posted_data_hash\" value=\"\" \/><input type=\"hidden\" name=\"_wpcf7cf_hidden_group_fields\" value=\"[]\" \/><input type=\"hidden\" name=\"_wpcf7cf_hidden_groups\" value=\"[]\" \/><input type=\"hidden\" name=\"_wpcf7cf_visible_groups\" value=\"[]\" \/><input type=\"hidden\" name=\"_wpcf7cf_repeaters\" value=\"[]\" \/><input type=\"hidden\" name=\"_wpcf7cf_steps\" value=\"{}\" \/><input type=\"hidden\" name=\"_wpcf7cf_options\" value=\"{&quot;form_id&quot;:5240,&quot;conditions&quot;:[{&quot;then_field&quot;:&quot;location-ab&quot;,&quot;and_rules&quot;:[{&quot;if_field&quot;:&quot;select-province&quot;,&quot;operator&quot;:&quot;equals&quot;,&quot;if_value&quot;:&quot;Alberta&quot;}]},{&quot;then_field&quot;:&quot;location-bc&quot;,&quot;and_rules&quot;:[{&quot;if_field&quot;:&quot;select-province&quot;,&quot;operator&quot;:&quot;equals&quot;,&quot;if_value&quot;:&quot;Colombie-Britannique&quot;}]},{&quot;then_field&quot;:&quot;location-nb-ns&quot;,&quot;and_rules&quot;:[{&quot;if_field&quot;:&quot;select-province&quot;,&quot;operator&quot;:&quot;equals&quot;,&quot;if_value&quot;:&quot;Nouveau-Brunswick\\\/Nouvelle-\\u00c9cosse&quot;}]},{&quot;then_field&quot;:&quot;location-on&quot;,&quot;and_rules&quot;:[{&quot;if_field&quot;:&quot;select-province&quot;,&quot;operator&quot;:&quot;equals&quot;,&quot;if_value&quot;:&quot;Ontario&quot;}]},{&quot;then_field&quot;:&quot;location-qc&quot;,&quot;and_rules&quot;:[{&quot;if_field&quot;:&quot;select-province&quot;,&quot;operator&quot;:&quot;equals&quot;,&quot;if_value&quot;:&quot;Qu\\u00e9bec&quot;}]}],&quot;settings&quot;:{&quot;animation&quot;:&quot;yes&quot;,&quot;animation_intime&quot;:200,&quot;animation_outtime&quot;:200,&quot;conditions_ui&quot;:&quot;normal&quot;,&quot;notice_dismissed&quot;:false,&quot;notice_dismissed_update-cf7-6.0.3&quot;:true}}\" \/><input type=\"hidden\" name=\"_wpcf7_recaptcha_response\" value=\"\" \/>\n<\/fieldset>\n<div class=\"one-half\">\n\t<p><label> Province <\/label><br \/>\n<span class=\"wpcf7-form-control-wrap\" data-name=\"select-province\"><select class=\"wpcf7-form-control wpcf7-select wpcf7-validates-as-required\" aria-required=\"true\" aria-invalid=\"false\" name=\"select-province\"><option value=\"Alberta\">Alberta<\/option><option value=\"Colombie-Britannique\">Colombie-Britannique<\/option><option value=\"Nouveau-Brunswick\/Nouvelle-\u00c9cosse\">Nouveau-Brunswick\/Nouvelle-\u00c9cosse<\/option><option value=\"Ontario\">Ontario<\/option><option value=\"Qu\u00e9bec\">Qu\u00e9bec<\/option><\/select><\/span>\n\t<\/p>\n<\/div>\n<div class=\"one-half last no-margin\">\n\t<p><label> Restaurant<\/label>\n\t<\/p>\n\t<div data-id=\"location-ab\" data-orig_data_id=\"location-ab\"  class=\"\" data-class=\"wpcf7cf_group\">\n\t\t<p><span class=\"wpcf7-form-control-wrap\" data-name=\"select-location-ab\"><select class=\"wpcf7-form-control wpcf7-select wpcf7-validates-as-required\" aria-required=\"true\" aria-invalid=\"false\" name=\"select-location-ab\"><option value=\"S\u00e9lectionnez le restaurant\">S\u00e9lectionnez le restaurant<\/option><option value=\"Calgary - Market Mall\">Calgary - Market Mall<\/option><option value=\"Calgary - Royal Oak\">Calgary - Royal Oak<\/option><option value=\"Calgary - Southcentre\">Calgary - Southcentre<\/option><option value=\"Calgary - Stephen Ave\">Calgary - Stephen Ave<\/option><option value=\"Rocky View - CrossIron Mills\">Rocky View - CrossIron Mills<\/option><\/select><\/span>\n\t\t<\/p>\n\t<\/div>\n\t<div data-id=\"location-bc\" data-orig_data_id=\"location-bc\"  class=\"\" data-class=\"wpcf7cf_group\">\n\t\t<p><span class=\"wpcf7-form-control-wrap\" data-name=\"select-location-bc\"><select class=\"wpcf7-form-control wpcf7-select wpcf7-validates-as-required\" aria-required=\"true\" aria-invalid=\"false\" name=\"select-location-bc\"><option value=\"S\u00e9lectionnez le restaurant\">S\u00e9lectionnez le restaurant<\/option><option value=\"Abbotsford\">Abbotsford<\/option><option value=\"Coquitlam - FERM\u00c9 POUR R\u00c9NOVATIONS\">Coquitlam - FERM\u00c9 POUR R\u00c9NOVATIONS<\/option><option value=\"Kelowna\">Kelowna<\/option><option value=\"Langford - Millstream\">Langford - Millstream<\/option><option value=\"Langley\">Langley<\/option><option value=\"Surrey - Guildford Town Centre\">Surrey - Guildford Town Centre<\/option><option value=\"Surrey - Southpoint\">Surrey - Southpoint<\/option><option value=\"Tsawwassen\">Tsawwassen<\/option><option value=\"Victoria\">Victoria<\/option><option value=\"West Vancouver - Park Royal\">West Vancouver - Park Royal<\/option><option value=\"Whistler\">Whistler<\/option><\/select><\/span>\n\t\t<\/p>\n\t<\/div>\n\t<div data-id=\"location-nb-ns\" data-orig_data_id=\"location-nb-ns\"  class=\"\" data-class=\"wpcf7cf_group\">\n\t\t<p><span class=\"wpcf7-form-control-wrap\" data-name=\"select-location-nb-ns\"><select class=\"wpcf7-form-control wpcf7-select wpcf7-validates-as-required\" aria-required=\"true\" aria-invalid=\"false\" name=\"select-location-nb-ns\"><option value=\"S\u00e9lectionnez le restaurant\">S\u00e9lectionnez le restaurant<\/option><option value=\"Nouveau-Brunswick - Moncton\">Nouveau-Brunswick - Moncton<\/option><option value=\"Nouvelle-\u00c9cosse - Halifax - Dartmouth\">Nouvelle-\u00c9cosse - Halifax - Dartmouth<\/option><\/select><\/span>\n\t\t<\/p>\n\t<\/div>\n\t<div data-id=\"location-on\" data-orig_data_id=\"location-on\"  class=\"\" data-class=\"wpcf7cf_group\">\n\t\t<p><span class=\"wpcf7-form-control-wrap\" data-name=\"select-location-on\"><select class=\"wpcf7-form-control wpcf7-select wpcf7-validates-as-required\" aria-required=\"true\" aria-invalid=\"false\" name=\"select-location-on\"><option value=\"S\u00e9lectionnez le restaurant\">S\u00e9lectionnez le restaurant<\/option><option value=\"Ancaster - Hamilton - Meadowlands\">Ancaster - Hamilton - Meadowlands<\/option><option value=\"Barrie\">Barrie<\/option><option value=\"Burlington\">Burlington<\/option><option value=\"Etobicoke - Dixon Road\">Etobicoke - Dixon Road<\/option><option value=\"Guelph\">Guelph<\/option><option value=\"Hamilton - Red Hill\">Hamilton - Red Hill<\/option><option value=\"Kanata Centrum\">Kanata Centrum<\/option><option value=\"Kingston\">Kingston<\/option><option value=\"London - Masonville Place\">London - Masonville Place<\/option><option value=\"London - South London\">London - South London<\/option><option value=\"Markham\">Markham<\/option><option value=\"Mississauga - Heartland\">Mississauga - Heartland<\/option><option value=\"Mississauga - Mississauga West\">Mississauga - Mississauga West<\/option><option value=\"Newmarket\">Newmarket<\/option><option value=\"Niagara Falls\">Niagara Falls<\/option><option value=\"Oakville - Burloak\">Oakville - Burloak<\/option><option value=\"Ottawa - Lansdowne Park\">Ottawa - Lansdowne Park<\/option><option value=\"Ottawa - Pinecrest\">Ottawa - Pinecrest<\/option><option value=\"Ottawa - Sussex\">Ottawa - Sussex<\/option><option value=\"Richmond Hill\">Richmond Hill<\/option><option value=\"Scarborough - Scarborough Town Centre\">Scarborough - Scarborough Town Centre<\/option><option value=\"Sudbury\">Sudbury<\/option><option value=\"Toronto - Eaton Center\">Toronto - Eaton Center<\/option><option value=\"Waterloo\">Waterloo<\/option><option value=\"Whitby\">Whitby<\/option><\/select><\/span>\n\t\t<\/p>\n\t<\/div>\n\t<div data-id=\"location-qc\" data-orig_data_id=\"location-qc\"  class=\"\" data-class=\"wpcf7cf_group\">\n\t\t<p><span class=\"wpcf7-form-control-wrap\" data-name=\"select-location-qc\"><select class=\"wpcf7-form-control wpcf7-select wpcf7-validates-as-required\" aria-required=\"true\" aria-invalid=\"false\" name=\"select-location-qc\"><option value=\"S\u00e9lectionnez le restaurant\">S\u00e9lectionnez le restaurant<\/option><option value=\"Laval\">Laval<\/option><option value=\"Montr\u00e9al - Royalmount\">Montr\u00e9al - Royalmount<\/option><option value=\"Pointe-Claire - Fairview Pointe-Claire\">Pointe-Claire - Fairview Pointe-Claire<\/option><\/select><\/span>\n\t\t<\/p>\n\t<\/div>\n<\/div>\n<div class=\"one-half\">\n\t<p><label> Courriel<br \/>\n<span class=\"wpcf7-form-control-wrap\" data-name=\"email\"><input size=\"40\" maxlength=\"400\" class=\"wpcf7-form-control wpcf7-email wpcf7-validates-as-required wpcf7-text wpcf7-validates-as-email\" aria-required=\"true\" aria-invalid=\"false\" value=\"\" type=\"email\" name=\"email\" \/><\/span><\/label>\n\t<\/p>\n<\/div>\n<div class=\"one-half last\">\n\t<p><label> Pr\u00e9nom et nom<br \/>\n<span class=\"wpcf7-form-control-wrap\" data-name=\"fl-name\"><input size=\"40\" maxlength=\"400\" class=\"wpcf7-form-control wpcf7-text wpcf7-validates-as-required\" aria-required=\"true\" aria-invalid=\"false\" value=\"\" type=\"text\" name=\"fl-name\" \/><\/span> <\/label>\n\t<\/p>\n<\/div>\n<div class=\"one-half\">\n\t<p><label> No. de t\u00e9l\u00e9phone<br \/>\n<span class=\"wpcf7-form-control-wrap\" data-name=\"phone\"><input size=\"40\" maxlength=\"400\" class=\"wpcf7-form-control wpcf7-tel wpcf7-validates-as-required wpcf7-text wpcf7-validates-as-tel\" aria-required=\"true\" aria-invalid=\"false\" value=\"\" type=\"tel\" name=\"phone\" \/><\/span><\/label>\n\t<\/p>\n<\/div>\n<div class=\"one-half last\">\n\t<p><label> Nombre d'invit\u00e9s<br \/>\n<span class=\"wpcf7-form-control-wrap\" data-name=\"nb_guests\"><input class=\"wpcf7-form-control wpcf7-number wpcf7-validates-as-required wpcf7-validates-as-number\" min=\"1\" max=\"500\" aria-required=\"true\" aria-invalid=\"false\" value=\"\" type=\"number\" name=\"nb_guests\" \/><\/span><\/label>\n\t<\/p>\n<\/div>\n<div class=\"one-half\">\n\t<p><label> Date de l'\u00e9v\u00e9nement<br \/>\n<span class=\"wpcf7-form-control-wrap\" data-name=\"date\"><input class=\"wpcf7-form-control wpcf7-date wpcf7-validates-as-required wpcf7-validates-as-date\" aria-required=\"true\" aria-invalid=\"false\" value=\"\" type=\"date\" name=\"date\" \/><\/span><\/label>\n\t<\/p>\n<\/div>\n<div class=\"one-half last\">\n\t<p><label> Heure de l'\u00e9v\u00e9nement<br \/>\n<span class=\"wpcf7-form-control-wrap\" data-name=\"time\"><input size=\"40\" maxlength=\"400\" class=\"wpcf7-form-control wpcf7-text wpcf7-validates-as-required\" aria-required=\"true\" aria-invalid=\"false\" value=\"\" type=\"text\" name=\"time\" \/><\/span><\/label>\n\t<\/p>\n<\/div>\n<p><label> D\u00e9tails de l'\u00e9v\u00e9nement (Selectionner tous les choix applicables)<\/label><br \/>\n<span class=\"wpcf7-form-control-wrap\" data-name=\"details\"><span class=\"wpcf7-form-control wpcf7-checkbox wpcf7-validates-as-required\"><span class=\"wpcf7-list-item first\"><label><input type=\"checkbox\" name=\"details[]\" value=\"Brunch\" \/><span class=\"wpcf7-list-item-label\">Brunch<\/span><\/label><\/span><span class=\"wpcf7-list-item\"><label><input type=\"checkbox\" name=\"details[]\" value=\"Lunch\" \/><span class=\"wpcf7-list-item-label\">Lunch<\/span><\/label><\/span><span class=\"wpcf7-list-item\"><label><input type=\"checkbox\" name=\"details[]\" value=\"Souper\" \/><span class=\"wpcf7-list-item-label\">Souper<\/span><\/label><\/span><span class=\"wpcf7-list-item\"><label><input type=\"checkbox\" name=\"details[]\" value=\"Boissons &amp; Ap\u00e9ritifs (R\u00e9ception cocktail)\" \/><span class=\"wpcf7-list-item-label\">Boissons &amp; Ap\u00e9ritifs (R\u00e9ception cocktail)<\/span><\/label><\/span><span class=\"wpcf7-list-item\"><label><input type=\"checkbox\" name=\"details[]\" value=\"Semi-Priv\u00e9\" \/><span class=\"wpcf7-list-item-label\">Semi-Priv\u00e9<\/span><\/label><\/span><span class=\"wpcf7-list-item\"><label><input type=\"checkbox\" name=\"details[]\" value=\"Connexion A\/V\" \/><span class=\"wpcf7-list-item-label\">Connexion A\/V<\/span><\/label><\/span><span class=\"wpcf7-list-item last\"><label><input type=\"checkbox\" name=\"details[]\" value=\"Pr\u00e9sentation\" \/><span class=\"wpcf7-list-item-label\">Pr\u00e9sentation<\/span><\/label><\/span><\/span><\/span>\n<\/p>\n<p><label> Demandes sp\u00e9ciales<br \/>\n<span class=\"wpcf7-form-control-wrap\" data-name=\"message\"><textarea cols=\"40\" rows=\"10\" maxlength=\"2000\" class=\"wpcf7-form-control wpcf7-textarea\" aria-invalid=\"false\" name=\"message\"><\/textarea><\/span> <\/label>\n<\/p>\n<p><input class=\"wpcf7-form-control wpcf7-submit has-spinner\" type=\"submit\" value=\"ENVOYER\" \/>\n<\/p><div class=\"fusion-alert alert custom alert-custom fusion-alert-center wpcf7-response-output awb-alert-native-link-color alert-dismissable awb-alert-close-boxed\" style=\"--awb-border-size:1px;--awb-border-top-left-radius:0px;--awb-border-top-right-radius:0px;--awb-border-bottom-left-radius:0px;--awb-border-bottom-right-radius:0px;\" role=\"alert\"><div class=\"fusion-alert-content-wrapper\"><span class=\"fusion-alert-content\"><\/span><\/div><button type=\"button\" class=\"close toggle-alert\" data-dismiss=\"alert\" aria-label=\"Close\">&times;<\/button><\/div>\n<\/form>\n<\/div>\n<div class=\"fusion-separator fusion-full-width-sep\" style=\"align-self: center;margin-left: auto;margin-right: auto;margin-top:25px;margin-bottom:50px;width:100%;\"><div class=\"fusion-separator-border sep-single sep-dashed\" style=\"--awb-height:20px;--awb-amount:20px;border-color:#e2e2e2;border-top-width:1px;\"><\/div><\/div><\/div><\/div><\/div><\/div>\n","protected":false},"excerpt":{"rendered":"","protected":false},"author":4,"featured_media":0,"parent":0,"menu_order":0,"comment_status":"closed","ping_status":"closed","template":"100-width.php","meta":{"_acf_changed":false,"footnotes":""},"class_list":["post-4995","page","type-page","status-publish","hentry"],"acf":[],"_links":{"self":[{"href":"https:\/\/milestonesrestaurants.com\/fr\/wp-json\/wp\/v2\/pages\/4995","targetHints":{"allow":["GET"]}}],"collection":[{"href":"https:\/\/milestonesrestaurants.com\/fr\/wp-json\/wp\/v2\/pages"}],"about":[{"href":"https:\/\/milestonesrestaurants.com\/fr\/wp-json\/wp\/v2\/types\/page"}],"author":[{"embeddable":true,"href":"https:\/\/milestonesrestaurants.com\/fr\/wp-json\/wp\/v2\/users\/4"}],"replies":[{"embeddable":true,"href":"https:\/\/milestonesrestaurants.com\/fr\/wp-json\/wp\/v2\/comments?post=4995"}],"version-history":[{"count":5,"href":"https:\/\/milestonesrestaurants.com\/fr\/wp-json\/wp\/v2\/pages\/4995\/revisions"}],"predecessor-version":[{"id":5243,"href":"https:\/\/milestonesrestaurants.com\/fr\/wp-json\/wp\/v2\/pages\/4995\/revisions\/5243"}],"wp:attachment":[{"href":"https:\/\/milestonesrestaurants.com\/fr\/wp-json\/wp\/v2\/media?parent=4995"}],"curies":[{"name":"wp","href":"https:\/\/api.w.org\/{rel}","templated":true}]}}